{"id":1690,"date":"2025-03-18T04:20:28","date_gmt":"2025-03-18T04:20:28","guid":{"rendered":"http:\/\/localhost\/glozin\/wishlist\/"},"modified":"2026-02-26T23:20:14","modified_gmt":"2026-02-26T23:20:14","slug":"favoriten","status":"publish","type":"page","link":"https:\/\/heidelmont.de\/demoshop\/favoriten\/","title":{"rendered":"Favoriten"},"content":{"rendered":"\t\t<div data-elementor-type=\"wp-page\" data-elementor-id=\"1690\" class=\"elementor elementor-1690\">\n\t\t\t\t<div class=\"elementor-element elementor-element-9ee7f80 e-flex e-con-boxed glozin-responsive-column glozin-tablet-column--default glozin-responsive-column glozin-mobile-column--default glozin-responsive-column glozin-motion--var(--position) e-con e-parent\" data-id=\"9ee7f80\" data-element_type=\"container\" data-e-type=\"container\">\n\t\t\t\t\t<div class=\"e-con-inner\">\n\t\t\t\t<div class=\"elementor-element elementor-element-c156f29 elementor-widget elementor-widget-shortcode\" data-id=\"c156f29\" data-element_type=\"widget\" data-e-type=\"widget\" data-widget_type=\"shortcode.default\">\n\t\t\t\t\t\t\t<div class=\"elementor-shortcode\"><div class=\"woocommerce wocommerce-wishlist wcboost-wishlist\">\n<div class=\"wishlist-empty\">\n\t\n\t<div class=\"woocommerce-info\" role=\"status\">\n\t\tThe wishlist is empty.\t<\/div>\n<\/div>\n\n\t<p class=\"return-to-shop\">\n\t\t<a href=\"https:\/\/heidelmont.de\/demoshop\/shop\/\" class=\"button wc-backward\">Return to shop<\/a>\t<\/p>\n\n<\/div><\/div>\n\t\t\t\t\t\t<\/div>\n\t\t\t\t\t<\/div>\n\t\t\t\t<\/div>\n\t\t<div class=\"elementor-element elementor-element-8b52f34 e-flex e-con-boxed glozin-responsive-column glozin-tablet-column--default glozin-responsive-column glozin-mobile-column--default glozin-responsive-column glozin-motion--var(--position) e-con e-parent\" data-id=\"8b52f34\" data-element_type=\"container\" data-e-type=\"container\">\n\t\t\t\t\t<div class=\"e-con-inner\">\n\t\t\t\t<div class=\"elementor-element elementor-element-40fc356 elementor-widget elementor-widget-glozin-heading\" data-id=\"40fc356\" data-element_type=\"widget\" data-e-type=\"widget\" data-widget_type=\"glozin-heading.default\">\n\t\t\t\t<div class=\"elementor-widget-container\">\n\t\t\t\t\t\t\t<div class=\"glozin-heading-elementor\">\n\t\t\t\t<h2 class=\"glozin-heading d-flex align-items-center my-0 glozin-heading--default\">\n\t\t\t\t\tZuletzt besucht\t\t\t\t<\/h2>\n\t\t\t<\/div>\n\t\t\t\t\t\t<\/div>\n\t\t\t\t<\/div>\n\t\t\t\t<div class=\"elementor-element elementor-element-3b3c931 elementor-widget elementor-widget-glozin-heading\" data-id=\"3b3c931\" data-element_type=\"widget\" data-e-type=\"widget\" data-widget_type=\"glozin-heading.default\">\n\t\t\t\t<div class=\"elementor-widget-container\">\n\t\t\t\t\t\t\t<div class=\"glozin-heading-elementor\">\n\t\t\t\t<span class=\"glozin-heading d-flex align-items-center my-0 glozin-heading--default\">\n\t\t\t\t\tEntdecken Sie Ihre zuletzt angesehenen Artikel und erleben Sie die Verbindung von Qualit\u00e4t und Stil f\u00fcr ein raffiniertes Wohngef\u00fchl.\t\t\t\t<\/span>\n\t\t\t<\/div>\n\t\t\t\t\t\t<\/div>\n\t\t\t\t<\/div>\n\t\t\t\t\t<\/div>\n\t\t\t\t<\/div>\n\t\t<div class=\"elementor-element elementor-element-8202c09 e-flex e-con-boxed glozin-responsive-column glozin-tablet-column--default glozin-responsive-column glozin-mobile-column--default glozin-responsive-column glozin-motion--var(--position) e-con e-parent\" data-id=\"8202c09\" data-element_type=\"container\" data-e-type=\"container\">\n\t\t\t\t\t<div class=\"e-con-inner\">\n\t\t\t\t<div class=\"elementor-element elementor-element-1d07403 navigation-class-arrows elementor-widget elementor-widget-glozin-product-recently-viewed-carousel\" data-id=\"1d07403\" data-element_type=\"widget\" data-e-type=\"widget\" data-settings=\"{&quot;slides_to_show&quot;:4,&quot;slides_to_scroll&quot;:1,&quot;image_spacing_custom&quot;:30,&quot;navigation&quot;:&quot;both&quot;,&quot;speed&quot;:800}\" data-widget_type=\"glozin-product-recently-viewed-carousel.default\">\n\t\t\t\t<div class=\"elementor-widget-container\">\n\t\t\t\t\t\t\t<div class=\"recently-viewed-products__elementor woocommerce\">\n\t\t\t\t\t\t\t\t\t\t\t<div class=\"recently-viewed-products__no-products text-center \">\n\t\t\t\t\t<p>No products in recent viewing history.<\/p>\n\t\t\t\t\t\t\t<a href=\"https:\/\/heidelmont.de\/demoshop\/shop\/\" class=\"glozin-button-link glozin-button gz-button mt-20\" aria-label=\"Link for Back to Shopping\">\r\n\t\t\t\t\t\t\t\t\t\t\r\n\t\t\t<span class=\"glozin-button-text\">Back to Shopping<\/span>\t\t<\/a>\r\n\t\t\t\t\t\t<\/div>\n\t\t\t\t\t<\/div>\n\t\t\t\t\t\t<\/div>\n\t\t\t\t<\/div>\n\t\t\t\t\t<\/div>\n\t\t\t\t<\/div>\n\t\t\t\t<\/div>\n\t\t","protected":false},"excerpt":{"rendered":"<p>Zuletzt besucht Entdecken Sie Ihre zuletzt angesehenen Artikel und erleben Sie die Verbindung von Qualit\u00e4t und Stil f\u00fcr ein raffiniertes Wohngef\u00fchl. Add to wishlist Compare In den Warenkorb In den Warenkorb Crossover Long Sleeve Dark Blue Rated 5.00 out of 5 180,00&nbsp;&euro; Out of stock Add to wishlist Compare Out of Stock Out of Stock [&hellip;]<\/p>\n","protected":false},"author":1,"featured_media":0,"parent":0,"menu_order":0,"comment_status":"closed","ping_status":"closed","template":"","meta":{"footnotes":""},"class_list":["post-1690","page","type-page","status-publish","hentry"],"_links":{"self":[{"href":"https:\/\/heidelmont.de\/demoshop\/wp-json\/wp\/v2\/pages\/1690","targetHints":{"allow":["GET"]}}],"collection":[{"href":"https:\/\/heidelmont.de\/demoshop\/wp-json\/wp\/v2\/pages"}],"about":[{"href":"https:\/\/heidelmont.de\/demoshop\/wp-json\/wp\/v2\/types\/page"}],"author":[{"embeddable":true,"href":"https:\/\/heidelmont.de\/demoshop\/wp-json\/wp\/v2\/users\/1"}],"replies":[{"embeddable":true,"href":"https:\/\/heidelmont.de\/demoshop\/wp-json\/wp\/v2\/comments?post=1690"}],"version-history":[{"count":4,"href":"https:\/\/heidelmont.de\/demoshop\/wp-json\/wp\/v2\/pages\/1690\/revisions"}],"predecessor-version":[{"id":1000118,"href":"https:\/\/heidelmont.de\/demoshop\/wp-json\/wp\/v2\/pages\/1690\/revisions\/1000118"}],"wp:attachment":[{"href":"https:\/\/heidelmont.de\/demoshop\/wp-json\/wp\/v2\/media?parent=1690"}],"curies":[{"name":"wp","href":"https:\/\/api.w.org\/{rel}","templated":true}]}}